{"id":10,"date":"2025-10-31T08:38:40","date_gmt":"2025-10-31T08:38:40","guid":{"rendered":"https:\/\/1970s-1980stechnomusicthatneverwas.com\/?page_id=10"},"modified":"2025-11-10T13:51:50","modified_gmt":"2025-11-10T13:51:50","slug":"home","status":"publish","type":"page","link":"https:\/\/1970s-1980stechnomusicthatneverwas.com\/de\/","title":{"rendered":"Startseite"},"content":{"rendered":"<div data-elementor-type=\"wp-page\" data-elementor-id=\"10\" class=\"elementor elementor-10\">\n\t\t\t\t<div class=\"elementor-element elementor-element-cf45b55 e-flex e-con-boxed e-con e-parent\" data-id=\"cf45b55\" data-element_type=\"container\">\n\t\t\t\t\t<div class=\"e-con-inner\">\n\t\t<div class=\"elementor-element elementor-element-41da86c e-con-full e-flex e-con e-child\" data-id=\"41da86c\" data-element_type=\"container\">\n\t\t\t\t<\/div>\n\t\t<div class=\"elementor-element elementor-element-ef88b2c e-con-full e-flex e-con e-child\" data-id=\"ef88b2c\" data-element_type=\"container\">\n\t\t\t\t<div class=\"elementor-element elementor-element-4b406e0 elementor-widget elementor-widget-heading\" data-id=\"4b406e0\" data-element_type=\"widget\" data-widget_type=\"heading.default\">\n\t\t\t\t\t<h2 class=\"elementor-heading-title elementor-size-default\">1970er - 1980er TECHNO MUSIC THAT NEVER WAS.COM<\/h2>\t\t\t\t<\/div>\n\t\t\t\t<\/div>\n\t\t<div class=\"elementor-element elementor-element-68ffeb8 e-con-full e-flex e-con e-child\" data-id=\"68ffeb8\" data-element_type=\"container\">\n\t\t\t\t<\/div>\n\t\t\t\t\t<\/div>\n\t\t\t\t<\/div>\n\t\t<div class=\"elementor-element elementor-element-c5bee2a e-con-full e-flex e-con e-parent\" data-id=\"c5bee2a\" data-element_type=\"container\" data-settings=\"{&quot;background_background&quot;:&quot;classic&quot;}\">\n\t\t\t\t<\/div>\n\t\t<div class=\"elementor-element elementor-element-0690660 e-flex e-con-boxed e-con e-parent\" data-id=\"0690660\" data-element_type=\"container\">\n\t\t\t\t\t<div class=\"e-con-inner\">\n\t\t<div class=\"elementor-element elementor-element-dc7756d e-con-full e-flex e-con e-child\" data-id=\"dc7756d\" data-element_type=\"container\">\n\t\t\t\t<\/div>\n\t\t<div class=\"elementor-element elementor-element-67d8157 e-con-full e-flex e-con e-child\" data-id=\"67d8157\" data-element_type=\"container\">\n\t\t<div class=\"elementor-element elementor-element-e219a04 e-con-full e-flex e-con e-child\" data-id=\"e219a04\" data-element_type=\"container\">\n\t\t<div class=\"elementor-element elementor-element-51a126e e-con-full e-flex e-con e-child\" data-id=\"51a126e\" data-element_type=\"container\">\n\t\t\t\t<div class=\"elementor-element elementor-element-29c3053 elementor-widget elementor-widget-heading\" data-id=\"29c3053\" data-element_type=\"widget\" data-widget_type=\"heading.default\">\n\t\t\t\t\t<h2 class=\"elementor-heading-title elementor-size-default\">www.1970s -1980stechnomusicthatneverwas.com<\/h2>\t\t\t\t<\/div>\n\t\t\t\t<\/div>\n\t\t<div class=\"elementor-element elementor-element-5b522c4 e-con-full e-flex e-con e-child\" data-id=\"5b522c4\" data-element_type=\"container\">\n\t\t\t\t<div class=\"elementor-element elementor-element-c15c376 elementor-widget elementor-widget-text-editor\" data-id=\"c15c376\" data-element_type=\"widget\" data-widget_type=\"text-editor.default\">\n\t\t\t\t\t\t\t\t\t<p>Monatlich <em><strong>PAYPAL<\/strong><\/em><\/p>\t\t\t\t\t\t\t\t<\/div>\n\t\t\t\t<\/div>\n\t\t\t\t<\/div>\n\t\t\t\t<\/div>\n\t\t<div class=\"elementor-element elementor-element-05aab3b e-con-full e-flex e-con e-child\" data-id=\"05aab3b\" data-element_type=\"container\">\n\t\t\t\t<\/div>\n\t\t\t\t\t<\/div>\n\t\t\t\t<\/div>\n\t\t<div class=\"elementor-element elementor-element-a52d250 e-flex e-con-boxed e-con e-parent\" data-id=\"a52d250\" data-element_type=\"container\">\n\t\t\t\t\t<div class=\"e-con-inner\">\n\t\t\t\t<div class=\"elementor-element elementor-element-954bb71 elementor-widget elementor-widget-text-editor\" data-id=\"954bb71\" data-element_type=\"widget\" data-widget_type=\"text-editor.default\">\n\t\t\t\t\t\t\t\t\t<p><strong>HINWEIS:<\/strong> Diese Website wird von Sonntags, variabel \/ in der Regel 12 Uhr ge\u00f6ffnet sein und wird 24 Stunden bis Donnerstags, variabel \/ in der Regel 12 Uhr ge\u00f6ffnet sein. Bitte machen Sie keine Zahlung, wenn Sie nicht bereit sind, die Website n\u00e4her an Freitagen und Samstagen in Ihrem Monatsabonnement enthalten zu akzeptieren, Zahlungen werden nicht zur\u00fcckerstattet.<\/p>\t\t\t\t\t\t\t\t<\/div>\n\t\t\t\t\t<\/div>\n\t\t\t\t<\/div>\n\t\t<div class=\"elementor-element elementor-element-c4bd574 e-flex e-con-boxed e-con e-parent\" data-id=\"c4bd574\" data-element_type=\"container\">\n\t\t\t\t\t<div class=\"e-con-inner\">\n\t\t\t\t<div class=\"elementor-element elementor-element-6f1d7ee elementor-widget elementor-widget-shortcode\" data-id=\"6f1d7ee\" data-element_type=\"widget\" data-widget_type=\"shortcode.default\">\n\t\t\t\t\t\t\t<div class=\"elementor-shortcode\"><div class=\"rcp_restricted\"><p style=\"font-size: 16px; font-style: normal; font-weight: 400;\" data-sourcepos=\"11:1-11:170\">Dieser Musikinhalt ist nur f\u00fcr unsere Abonnenten verf\u00fcgbar. Melden Sie sich noch heute an, um Zugang zu unserer Musiksammlung zu erhalten und loszuh\u00f6ren!<\/p>\n<hr data-sourcepos=\"13:1-13:5\" \/>\n<p style=\"font-size: 16px; font-style: normal; font-weight: 400;\" data-sourcepos=\"15:1-15:108\"><a style=\"font-size: 16px; transition-property: all;\" href=\"https:\/\/1970s-1980stechnomusicthatneverwas.com\/de\/register\/\" target=\"_blank\" rel=\"noopener\"><strong style=\"font-size: 16px;\">Jetzt abonnieren und sofortigen Zugang erhalten!<\/strong><\/a><\/p>\n<\/div><\/div>\n\t\t\t\t\t\t<\/div>\n\t\t\t\t\t<\/div>\n\t\t\t\t<\/div>\n\t\t<div class=\"elementor-element elementor-element-49fcb61 e-flex e-con-boxed e-con e-parent\" data-id=\"49fcb61\" data-element_type=\"container\">\n\t\t\t\t\t<div class=\"e-con-inner\">\n\t\t\t\t<div class=\"elementor-element elementor-element-54a29f8 elementor-widget elementor-widget-spacer\" data-id=\"54a29f8\" data-element_type=\"widget\" data-widget_type=\"spacer.default\">\n\t\t\t\t\t\t\t<div class=\"elementor-spacer\">\n\t\t\t<div class=\"elementor-spacer-inner\"><\/div>\n\t\t<\/div>\n\t\t\t\t\t\t<\/div>\n\t\t\t\t\t<\/div>\n\t\t\t\t<\/div>\n\t\t\t\t<\/div>","protected":false},"excerpt":{"rendered":"<p>1970s - 1980s TECHNO MUSIC THAT NEVER WAS.COM www.1970s -1980stechnomusicthatneverwas.com Monatlicher PAYPAL-HINWEIS: Diese Website wird von Sonntag, [...]<\/p>","protected":false},"author":1,"featured_media":0,"parent":0,"menu_order":0,"comment_status":"closed","ping_status":"closed","template":"","meta":{"site-sidebar-layout":"no-sidebar","site-content-layout":"","ast-site-content-layout":"full-width-container","site-content-style":"default","site-sidebar-style":"default","ast-global-header-display":"disabled","ast-banner-title-visibility":"","ast-main-header-display":"","ast-hfb-above-header-display":"","ast-hfb-below-header-display":"","ast-hfb-mobile-header-display":"","site-post-title":"disabled","ast-breadcrumbs-content":"","ast-featured-img":"disabled","footer-sml-layout":"disabled","theme-transparent-header-meta":"","adv-header-id-meta":"","stick-header-meta":"","header-above-stick-meta":"","header-main-stick-meta":"","header-below-stick-meta":"","astra-migrate-meta-layouts":"default","ast-page-background-enabled":"default","ast-page-background-meta":{"desktop":{"background-color":"var(--ast-global-color-5)","background-image":"","background-repeat":"repeat","background-position":"center center","background-size":"auto","background-attachment":"scroll","background-type":"","background-media":"","overlay-type":"","overlay-color":"","overlay-opacity":"","overlay-gradient":""},"tablet":{"background-color":"","background-image":"","background-repeat":"repeat","background-position":"center center","background-size":"auto","background-attachment":"scroll","background-type":"","background-media":"","overlay-type":"","overlay-color":"","overlay-opacity":"","overlay-gradient":""},"mobile":{"background-color":"","background-image":"","background-repeat":"repeat","background-position":"center center","background-size":"auto","background-attachment":"scroll","background-type":"","background-media":"","overlay-type":"","overlay-color":"","overlay-opacity":"","overlay-gradient":""}},"ast-content-background-meta":{"desktop":{"background-color":"var(--ast-global-color-4)","background-image":"","background-repeat":"repeat","background-position":"center center","background-size":"auto","background-attachment":"scroll","background-type":"","background-media":"","overlay-type":"","overlay-color":"","overlay-opacity":"","overlay-gradient":""},"tablet":{"background-color":"var(--ast-global-color-4)","background-image":"","background-repeat":"repeat","background-position":"center center","background-size":"auto","background-attachment":"scroll","background-type":"","background-media":"","overlay-type":"","overlay-color":"","overlay-opacity":"","overlay-gradient":""},"mobile":{"background-color":"var(--ast-global-color-4)","background-image":"","background-repeat":"repeat","background-position":"center center","background-size":"auto","background-attachment":"scroll","background-type":"","background-media":"","overlay-type":"","overlay-color":"","overlay-opacity":"","overlay-gradient":""}},"footnotes":""},"class_list":["post-10","page","type-page","status-publish","hentry"],"_links":{"self":[{"href":"https:\/\/1970s-1980stechnomusicthatneverwas.com\/de\/wp-json\/wp\/v2\/pages\/10","targetHints":{"allow":["GET"]}}],"collection":[{"href":"https:\/\/1970s-1980stechnomusicthatneverwas.com\/de\/wp-json\/wp\/v2\/pages"}],"about":[{"href":"https:\/\/1970s-1980stechnomusicthatneverwas.com\/de\/wp-json\/wp\/v2\/types\/page"}],"author":[{"embeddable":true,"href":"https:\/\/1970s-1980stechnomusicthatneverwas.com\/de\/wp-json\/wp\/v2\/users\/1"}],"replies":[{"embeddable":true,"href":"https:\/\/1970s-1980stechnomusicthatneverwas.com\/de\/wp-json\/wp\/v2\/comments?post=10"}],"version-history":[{"count":160,"href":"https:\/\/1970s-1980stechnomusicthatneverwas.com\/de\/wp-json\/wp\/v2\/pages\/10\/revisions"}],"predecessor-version":[{"id":203,"href":"https:\/\/1970s-1980stechnomusicthatneverwas.com\/de\/wp-json\/wp\/v2\/pages\/10\/revisions\/203"}],"wp:attachment":[{"href":"https:\/\/1970s-1980stechnomusicthatneverwas.com\/de\/wp-json\/wp\/v2\/media?parent=10"}],"curies":[{"name":"wp","href":"https:\/\/api.w.org\/{rel}","templated":true}]}}